{"id":251,"date":"2025-06-25T10:46:27","date_gmt":"2025-06-25T10:46:27","guid":{"rendered":"https:\/\/kometen.dk\/?page_id=251"},"modified":"2025-07-02T10:28:46","modified_gmt":"2025-07-02T10:28:46","slug":"about","status":"publish","type":"page","link":"https:\/\/kometen.dk\/?page_id=251","title":{"rendered":"About"},"content":{"rendered":"\t\t<div data-elementor-type=\"wp-page\" data-elementor-id=\"251\" class=\"elementor elementor-251\">\n\t\t\t\t<div class=\"elementor-element elementor-element-752080b6 e-flex e-con-boxed e-con e-parent\" data-id=\"752080b6\" data-element_type=\"container\">\n\t\t\t\t\t<div class=\"e-con-inner\">\n\t\t\t\t<div class=\"elementor-element elementor-element-55017210 elementor-widget elementor-widget-text-editor\" data-id=\"55017210\" data-element_type=\"widget\" data-widget_type=\"text-editor.default\">\n\t\t\t\t<div class=\"elementor-widget-container\">\n\t\t\t\t\t\t\t\t\t<p>B\u00f8rnehuset Kometen er en selvejende daginstitution beliggende i hjertet af Nordvest. Vi har plads til 24 vuggestueb\u00f8rn og 44 b\u00f8rnehaveb\u00f8rn \u2013 og vi l\u00e6gger stor v\u00e6gt p\u00e5 at skabe trygge, n\u00e6re og udviklende rammer for alle vores b\u00f8rn.<\/p>\n<p>Vi har driftsoverenskomst med K\u00f8benhavns Kommune, hvilket betyder, at vi arbejder under samme vilk\u00e5r som de kommunale institutioner \u2013 men med vores egen p\u00e6dagogiske profil og n\u00e6rv\u00e6rende tilgang.<\/p>\n<p>I Kometen arbejder vi ud fra en selvv\u00e6rdsunderst\u00f8ttende p\u00e6dagogik. Det betyder, at vi ser og m\u00f8der hvert barn med respekt og nysgerrighed \u2013 hvor vi tror p\u00e5, at alle b\u00f8rn g\u00f8r det s\u00e5 godt, de kan.<\/p>\n<p>Vi bruger blandt andet p\u00e6dagogiske v\u00e6rkt\u00f8jer som spejling, tryghedscirklen, relationsvejen, prim\u00e6rp\u00e6dagogik og KIDS. Disse hj\u00e6lper os med at forst\u00e5 det enkelte barns behov og intentioner, og de st\u00f8tter os i at skabe meningsfulde relationer \u2013 b\u00e5de mellem b\u00f8rn og mellem b\u00f8rn og voksne.<\/p>\n<p>Leg er en vigtig del af vores hverdag \u2013 b\u00e5de den frie leg, legegrupper og voksenstyrede aktiviteter. Gennem legen l\u00e6rer b\u00f8rn at knytte venskaber, udvikle sociale kompetencer og opbygge tillid.<\/p>\n<p>Vi har s\u00e6rlig fokus p\u00e5 at skabe trygge b\u00f8rnef\u00e6llesskaber, hvor alle b\u00f8rn oplever at h\u00f8re til og blive anerkendt som ligev\u00e6rdige deltagere. Vi ser og underst\u00f8tter barnets ressourcer og arbejder for, at alle f\u00e5r mulighed for at indg\u00e5 i f\u00e6llesskabet p\u00e5 egne pr\u00e6misser.<\/p>\n<p>Vi bruger evalueringsv\u00e6rkt\u00f8jet KIDS til at blive klogere p\u00e5 vores p\u00e6dagogiske praksis og skabe refleksion i hverdagen. Derudover samarbejder vi l\u00f8bende med eksterne fagpersoner som PPR, Den Sociale Indgang og faglige netv\u00e6rk. Vi tror p\u00e5, at viden og udvikling er med til at sikre h\u00f8j kvalitet i vores arbejde og det bedste b\u00f8rneliv for vores b\u00f8rn.<\/p>\n<p>Har du lyst til at opleve stemningen i Kometen og h\u00f8re mere om vores hverdag, er du meget velkommen til at komme forbi til en rundvisning. Vi viser rundt hver fredag kl. 12.00, og du kan tilmelde dig ved at sende en mail til: <a href=\"mailto:info@kometen.dk\">info@kometen.dk<\/a><\/p>\n<p><strong>Interesseret i en plads?<\/strong><br \/>Opskrivning sker via Pladsanvisningen i K\u00f8benhavns Kommune. Du finder information og links her:<\/p>\n<p><a href=\"https:\/\/www.kk.dk\/om-kommunen\/kontakt\/pladsanvisningen\">Pladsanvisningen i K\u00f8benhavns Kommune | K\u00f8benhavns Kommune<\/a><\/p>\n<p>Opskrivning til vuggestue:<\/p>\n<p><a href=\"https:\/\/www.kk.dk\/borger\/pasning-og-skole\/pasning-0-6-aar\/skriv-op-til-vuggestue-og-dagpleje\">Skriv op til vuggestue og dagpleje | K\u00f8benhavns Kommune<\/a><\/p>\n<p>Opskrivning til b\u00f8rnehave:<\/p>\n<p><a href=\"https:\/\/www.kk.dk\/borger\/pasning-og-skole\/pasning-0-6-aar\/skriv-op-til-boernehave\">Skriv op til b\u00f8rnehave | K\u00f8benhavns Kommune<\/a><\/p>\n<p>I kan ogs\u00e5 kontakte pladsanvisningen p\u00e5\u00a0telefonnr.: 70250660<\/p>\t\t\t\t\t\t\t\t<\/div>\n\t\t\t\t<\/div>\n\t\t\t\t<div class=\"elementor-element elementor-element-b8817e8 elementor-widget elementor-widget-heading\" data-id=\"b8817e8\" data-element_type=\"widget\" data-widget_type=\"heading.default\">\n\t\t\t\t<div class=\"elementor-widget-container\">\n\t\t\t\t\t<h1 class=\"elementor-heading-title elementor-size-default\">Kontakt os<\/h1>\t\t\t\t<\/div>\n\t\t\t\t<\/div>\n\t\t\t\t<div class=\"elementor-element elementor-element-9176bf6 elementor-widget elementor-widget-text-editor\" data-id=\"9176bf6\" data-element_type=\"widget\" data-widget_type=\"text-editor.default\">\n\t\t\t\t<div class=\"elementor-widget-container\">\n\t\t\t\t\t\t\t\t\t<p style=\"text-align: left;\"><br \/>Adresse: R\u00f8rsangervej 78, 2400 K\u00f8benhavn NV<br \/>Mail: <a href=\"mailto:info@kometen.dk\">info@kometen.dk<\/a><br \/>Hovednummer: 30 52 03 34<br \/>Vuggestuen: 71 90 85 02<br \/>B\u00f8rnehaven: 71 90 85 04<\/p>\n<p style=\"text-align: left;\">Med venlig hilsen<br \/>Personale, ledelse og bestyrelse i B\u00f8rnehuset Kometen<\/p>\t\t\t\t\t\t\t\t<\/div>\n\t\t\t\t<\/div>\n\t\t\t\t\t<\/div>\n\t\t\t\t<\/div>\n\t\t\t\t<\/div>\n\t\t","protected":false},"excerpt":{"rendered":"<p>B\u00f8rnehuset Kometen er en selvejende daginstitution beliggende i hjertet af Nordvest. Vi har plads til 24 vuggestueb\u00f8rn og 44 b\u00f8rnehaveb\u00f8rn [&hellip;]<\/p>\n","protected":false},"author":1,"featured_media":0,"parent":0,"menu_order":0,"comment_status":"closed","ping_status":"closed","template":"","meta":{"_uag_custom_page_level_css":"","site-sidebar-layout":"default","site-content-layout":"","ast-site-content-layout":"default","site-content-style":"default","site-sidebar-style":"default","ast-global-header-display":"","ast-banner-title-visibility":"","ast-main-header-display":"","ast-hfb-above-header-display":"","ast-hfb-below-header-display":"","ast-hfb-mobile-header-display":"","site-post-title":"disabled","ast-breadcrumbs-content":"","ast-featured-img":"","footer-sml-layout":"","theme-transparent-header-meta":"","adv-header-id-meta":"","stick-header-meta":"","header-above-stick-meta":"","header-main-stick-meta":"","header-below-stick-meta":"","astra-migrate-meta-layouts":"default","ast-page-background-enabled":"default","ast-page-background-meta":{"desktop":{"background-color":"var(--ast-global-color-4)","background-image":"","background-repeat":"repeat","background-position":"center center","background-size":"auto","background-attachment":"scroll","background-type":"","background-media":"","overlay-type":"","overlay-color":"","overlay-opacity":"","overlay-gradient":""},"tablet":{"background-color":"","background-image":"","background-repeat":"repeat","background-position":"center center","background-size":"auto","background-attachment":"scroll","background-type":"","background-media":"","overlay-type":"","overlay-color":"","overlay-opacity":"","overlay-gradient":""},"mobile":{"background-color":"","background-image":"","background-repeat":"repeat","background-position":"center center","background-size":"auto","background-attachment":"scroll","background-type":"","background-media":"","overlay-type":"","overlay-color":"","overlay-opacity":"","overlay-gradient":""}},"ast-content-background-meta":{"desktop":{"background-color":"var(--ast-global-color-5)","background-image":"","background-repeat":"repeat","background-position":"center center","background-size":"auto","background-attachment":"scroll","background-type":"","background-media":"","overlay-type":"","overlay-color":"","overlay-opacity":"","overlay-gradient":""},"tablet":{"background-color":"var(--ast-global-color-5)","background-image":"","background-repeat":"repeat","background-position":"center center","background-size":"auto","background-attachment":"scroll","background-type":"","background-media":"","overlay-type":"","overlay-color":"","overlay-opacity":"","overlay-gradient":""},"mobile":{"background-color":"var(--ast-global-color-5)","background-image":"","background-repeat":"repeat","background-position":"center center","background-size":"auto","background-attachment":"scroll","background-type":"","background-media":"","overlay-type":"","overlay-color":"","overlay-opacity":"","overlay-gradient":""}},"footnotes":""},"class_list":["post-251","page","type-page","status-publish","hentry"],"uagb_featured_image_src":{"full":false,"thumbnail":false,"medium":false,"medium_large":false,"large":false,"1536x1536":false,"2048x2048":false},"uagb_author_info":{"display_name":"admin","author_link":"https:\/\/kometen.dk\/?author=1"},"uagb_comment_info":0,"uagb_excerpt":"B\u00f8rnehuset Kometen er en selvejende daginstitution beliggende i hjertet af Nordvest. Vi har plads til 24 vuggestueb\u00f8rn og 44 b\u00f8rnehaveb\u00f8rn [&hellip;]","_links":{"self":[{"href":"https:\/\/kometen.dk\/index.php?rest_route=\/wp\/v2\/pages\/251","targetHints":{"allow":["GET"]}}],"collection":[{"href":"https:\/\/kometen.dk\/index.php?rest_route=\/wp\/v2\/pages"}],"about":[{"href":"https:\/\/kometen.dk\/index.php?rest_route=\/wp\/v2\/types\/page"}],"author":[{"embeddable":true,"href":"https:\/\/kometen.dk\/index.php?rest_route=\/wp\/v2\/users\/1"}],"replies":[{"embeddable":true,"href":"https:\/\/kometen.dk\/index.php?rest_route=%2Fwp%2Fv2%2Fcomments&post=251"}],"version-history":[{"count":18,"href":"https:\/\/kometen.dk\/index.php?rest_route=\/wp\/v2\/pages\/251\/revisions"}],"predecessor-version":[{"id":521,"href":"https:\/\/kometen.dk\/index.php?rest_route=\/wp\/v2\/pages\/251\/revisions\/521"}],"wp:attachment":[{"href":"https:\/\/kometen.dk\/index.php?rest_route=%2Fwp%2Fv2%2Fmedia&parent=251"}],"curies":[{"name":"wp","href":"https:\/\/api.w.org\/{rel}","templated":true}]}}