{"id":398,"date":"2025-07-01T14:02:03","date_gmt":"2025-07-01T14:02:03","guid":{"rendered":"https:\/\/kometen.dk\/?page_id=398"},"modified":"2025-07-02T10:31:47","modified_gmt":"2025-07-02T10:31:47","slug":"opstart-vuggestue","status":"publish","type":"page","link":"https:\/\/kometen.dk\/?page_id=398","title":{"rendered":"Opstart vuggestue"},"content":{"rendered":"\t\t<div data-elementor-type=\"wp-page\" data-elementor-id=\"398\" class=\"elementor elementor-398\">\n\t\t\t\t<div class=\"elementor-element elementor-element-af263dd e-flex e-con-boxed e-con e-parent\" data-id=\"af263dd\" data-element_type=\"container\">\n\t\t\t\t\t<div class=\"e-con-inner\">\n\t\t\t\t<div class=\"elementor-element elementor-element-9241fb5 elementor-widget elementor-widget-text-editor\" data-id=\"9241fb5\" data-element_type=\"widget\" data-widget_type=\"text-editor.default\">\n\t\t\t\t<div class=\"elementor-widget-container\">\n\t\t\t\t\t\t\t\t\t<p style=\"text-align: left;\">\u00a0<\/p><p style=\"text-align: left;\"><strong>Jeres barns opstart i vuggestuen<\/strong><\/p><p style=\"text-align: left;\">N\u00e5r jeres barn starter i vores vuggestue, vil vi gerne g\u00f8re overgangen fra hjem til daginstitution s\u00e5 tryg som muligt \u2013 b\u00e5de for jer og for jeres barn. Derfor tilknyttes barnet fra begyndelsen en fast voksen, som vil v\u00e6re den prim\u00e6re kontaktperson i opstartsperioden.<\/p><p style=\"text-align: left;\">Vi ser typisk den f\u00f8rste dag som en bes\u00f8gsdag, hvor en for\u00e6lder er med barnet hele tiden. P\u00e5 denne dag f\u00e5r barnet sin garderobeplads, ser sig omkring i vuggestuen og m\u00f8der den voksen, som skal f\u00f8lge barnet i starten.<\/p><p style=\"text-align: left;\">Herefter tilrettel\u00e6gger vi opstarten individuelt, i dialog med jer for\u00e6ldre og med afs\u00e6t i b\u00e5de barnets signaler og vores erfaring med indk\u00f8ring. Vi justerer l\u00f8bende l\u00e6ngden og indholdet af dagene, s\u00e5 barnet gradvist f\u00e5r mulighed for at v\u00e6nne sig til hverdagen hos os.<\/p><p style=\"text-align: left;\">En typisk indk\u00f8ring forl\u00f8ber over cirka to uger. De f\u00f8rste dage kommer I p\u00e5 bes\u00f8g i barnets stue i omkring en time \u2013 som regel mellem kl. 9.30 og 10.30. Derefter begynder vi langsomt at \u00f8ve, at mor eller far g\u00e5r fra barnet. F\u00f8rst i kortere tid og gradvist i l\u00e6ngere perioder. Vi fors\u00f8ger at tage h\u00f8jde for det enkelte barns behov \u2013 samtidig med at vi skal sikre en rolig hverdag for alle b\u00f8rnene.<\/p><p style=\"text-align: left;\"><strong>Om hverdagen i vuggestuen<\/strong><\/p><p style=\"text-align: left;\">Vuggestuen er opdelt i to stuer: <em>Jorden<\/em> og <em>Venus<\/em>. Hver morgen \u00e5bner vi p\u00e5 Venus, og kl. 8 fordeler vi os ud p\u00e5 begge stuer.<\/p><p style=\"text-align: left;\">Vi har en fast daglig rytme med m\u00e5ltider, samling og forskellige aktiviteter \u2013 fx rytmik, kreative projekter, ture ud af huset eller leg p\u00e5 legepladsen. Denne del af dagen kalder vi fordybelsestid. For at skabe ro og sammenh\u00e6ng for b\u00f8rnene, beder vi om, at de er afleveret senest kl. 9.00. P\u00e5 den m\u00e5de kan barnet starte dagen sammen med gruppen og f\u00e5 mest muligt ud af f\u00e6llesskabet og aktiviteterne.<\/p><p style=\"text-align: left;\">Efter morgensamling opdeles b\u00f8rnene i tre aldersopdelte grupper med planlagte p\u00e6dagogiske aktiviteter.<\/p><p style=\"text-align: left;\"><strong>Samarbejdet med jer for\u00e6ldre<\/strong><\/p><p style=\"text-align: left;\">Samarbejdet med jer for\u00e6ldre betyder meget \u2013 b\u00e5de for os og for jeres barn. Et t\u00e6t, \u00e5bent og respektfuldt samarbejde g\u00f8r det muligt for os at skabe de bedste rammer for b\u00f8rnenes trivsel og udvikling.<\/p><p style=\"text-align: left;\">Vi \u00f8nsker en god dialog og gennemsigtighed i vores arbejde, og vi har altid et f\u00e6lles fokus p\u00e5, hvad der er det bedste for det enkelte barn og for b\u00f8rnef\u00e6llesskabet.<\/p><p style=\"text-align: left;\">For at underst\u00f8tte barnets hverdag, er det en stor hj\u00e6lp, hvis garderoben er opdateret med t\u00f8j, der passer til \u00e5rstiden, rigeligt med skiftet\u00f8j, sutsko og eventuelle sutter \u2013 gerne med navn p\u00e5.<\/p><p style=\"text-align: left;\">P\u00e5 badev\u00e6relset har hvert barn en kasse med ekstra t\u00f8j. Vi opfordrer jer til j\u00e6vnligt at tjekke, om t\u00f8jet stadig passer, og om der er det n\u00f8dvendige indhold: bukser, bluser, str\u00f8mper, undert\u00f8j og hagesm\u00e6k.<\/p><p style=\"text-align: left;\"><strong>Lidt om afleveringen om morgenen<\/strong><\/p><p style=\"text-align: left;\">Om morgenen har vi fokus p\u00e5, at jeres barn bliver m\u00f8dt med et smil og et venligt &#8220;godmorgen&#8221;. Vi er klar til at tage imod og skabe en god start p\u00e5 dagen.<\/p><p style=\"text-align: left;\">I Kometen har vi fokus p\u00e5 at styrke b\u00f8rns selvhjulpenhed. Det er derfor en stor hj\u00e6lp, hvis I afs\u00e6tter lidt tid om morgenen og om eftermiddagen, s\u00e5 barnet kan \u00f8ve sig i selv at g\u00e5 op og ned ad trappen.<\/p><p style=\"text-align: left;\"><strong>Velkommen til Kometens Vuggestue<\/strong><br \/>Vi gl\u00e6der os til at l\u00e6re jer og jeres barn at kende!<\/p>\t\t\t\t\t\t\t\t<\/div>\n\t\t\t\t<\/div>\n\t\t\t\t\t<\/div>\n\t\t\t\t<\/div>\n\t\t\t\t<\/div>\n\t\t","protected":false},"excerpt":{"rendered":"<p>\u00a0 Jeres barns opstart i vuggestuen N\u00e5r jeres barn starter i vores vuggestue, vil vi gerne g\u00f8re overgangen fra hjem [&hellip;]<\/p>\n","protected":false},"author":1,"featured_media":0,"parent":0,"menu_order":0,"comment_status":"closed","ping_status":"closed","template":"","meta":{"_uag_custom_page_level_css":"","site-sidebar-layout":"no-sidebar","site-content-layout":"","ast-site-content-layout":"full-width-container","site-content-style":"default","site-sidebar-style":"default","ast-global-header-display":"","ast-banner-title-visibility":"","ast-main-header-display":"","ast-hfb-above-header-display":"","ast-hfb-below-header-display":"","ast-hfb-mobile-header-display":"","site-post-title":"disabled","ast-breadcrumbs-content":"","ast-featured-img":"disabled","footer-sml-layout":"","theme-transparent-header-meta":"","adv-header-id-meta":"","stick-header-meta":"","header-above-stick-meta":"","header-main-stick-meta":"","header-below-stick-meta":"","astra-migrate-meta-layouts":"default","ast-page-background-enabled":"default","ast-page-background-meta":{"desktop":{"background-color":"var(--ast-global-color-4)","background-image":"","background-repeat":"repeat","background-position":"center center","background-size":"auto","background-attachment":"scroll","background-type":"","background-media":"","overlay-type":"","overlay-color":"","overlay-opacity":"","overlay-gradient":""},"tablet":{"background-color":"","background-image":"","background-repeat":"repeat","background-position":"center center","background-size":"auto","background-attachment":"scroll","background-type":"","background-media":"","overlay-type":"","overlay-color":"","overlay-opacity":"","overlay-gradient":""},"mobile":{"background-color":"","background-image":"","background-repeat":"repeat","background-position":"center center","background-size":"auto","background-attachment":"scroll","background-type":"","background-media":"","overlay-type":"","overlay-color":"","overlay-opacity":"","overlay-gradient":""}},"ast-content-background-meta":{"desktop":{"background-color":"var(--ast-global-color-5)","background-image":"","background-repeat":"repeat","background-position":"center center","background-size":"auto","background-attachment":"scroll","background-type":"","background-media":"","overlay-type":"","overlay-color":"","overlay-opacity":"","overlay-gradient":""},"tablet":{"background-color":"var(--ast-global-color-5)","background-image":"","background-repeat":"repeat","background-position":"center center","background-size":"auto","background-attachment":"scroll","background-type":"","background-media":"","overlay-type":"","overlay-color":"","overlay-opacity":"","overlay-gradient":""},"mobile":{"background-color":"var(--ast-global-color-5)","background-image":"","background-repeat":"repeat","background-position":"center center","background-size":"auto","background-attachment":"scroll","background-type":"","background-media":"","overlay-type":"","overlay-color":"","overlay-opacity":"","overlay-gradient":""}},"footnotes":""},"class_list":["post-398","page","type-page","status-publish","hentry"],"uagb_featured_image_src":{"full":false,"thumbnail":false,"medium":false,"medium_large":false,"large":false,"1536x1536":false,"2048x2048":false},"uagb_author_info":{"display_name":"admin","author_link":"https:\/\/kometen.dk\/?author=1"},"uagb_comment_info":0,"uagb_excerpt":"\u00a0 Jeres barns opstart i vuggestuen N\u00e5r jeres barn starter i vores vuggestue, vil vi gerne g\u00f8re overgangen fra hjem [&hellip;]","_links":{"self":[{"href":"https:\/\/kometen.dk\/index.php?rest_route=\/wp\/v2\/pages\/398","targetHints":{"allow":["GET"]}}],"collection":[{"href":"https:\/\/kometen.dk\/index.php?rest_route=\/wp\/v2\/pages"}],"about":[{"href":"https:\/\/kometen.dk\/index.php?rest_route=\/wp\/v2\/types\/page"}],"author":[{"embeddable":true,"href":"https:\/\/kometen.dk\/index.php?rest_route=\/wp\/v2\/users\/1"}],"replies":[{"embeddable":true,"href":"https:\/\/kometen.dk\/index.php?rest_route=%2Fwp%2Fv2%2Fcomments&post=398"}],"version-history":[{"count":10,"href":"https:\/\/kometen.dk\/index.php?rest_route=\/wp\/v2\/pages\/398\/revisions"}],"predecessor-version":[{"id":546,"href":"https:\/\/kometen.dk\/index.php?rest_route=\/wp\/v2\/pages\/398\/revisions\/546"}],"wp:attachment":[{"href":"https:\/\/kometen.dk\/index.php?rest_route=%2Fwp%2Fv2%2Fmedia&parent=398"}],"curies":[{"name":"wp","href":"https:\/\/api.w.org\/{rel}","templated":true}]}}