{"id":399,"date":"2025-07-01T14:02:03","date_gmt":"2025-07-01T14:02:03","guid":{"rendered":"https:\/\/kometen.dk\/?page_id=399"},"modified":"2025-07-02T10:31:32","modified_gmt":"2025-07-02T10:31:32","slug":"opstart-boernehave","status":"publish","type":"page","link":"https:\/\/kometen.dk\/?page_id=399","title":{"rendered":"Opstart b\u00f8rnehave"},"content":{"rendered":"\t\t<div data-elementor-type=\"wp-page\" data-elementor-id=\"399\" class=\"elementor elementor-399\">\n\t\t\t\t<div class=\"elementor-element elementor-element-7fe399a e-flex e-con-boxed e-con e-parent\" data-id=\"7fe399a\" data-element_type=\"container\">\n\t\t\t\t\t<div class=\"e-con-inner\">\n\t\t\t\t<div class=\"elementor-element elementor-element-8d0ab16 elementor-widget elementor-widget-text-editor\" data-id=\"8d0ab16\" data-element_type=\"widget\" data-widget_type=\"text-editor.default\">\n\t\t\t\t<div class=\"elementor-widget-container\">\n\t\t\t\t\t\t\t\t\t<p style=\"text-align: left;\">\u00a0<\/p><p style=\"text-align: left;\"><strong>Jeres barns opstart i b\u00f8rnehaven<\/strong><\/p><p style=\"text-align: left;\">N\u00e5r jeres barn starter i vores b\u00f8rnehave, vil vi gerne g\u00f8re overgangen fra vuggestue til b\u00f8rnehave s\u00e5 tryg som muligt \u2013 b\u00e5de for jer og jeres barn.<\/p><p style=\"text-align: left;\">Ved en typisk indk\u00f8ring ser vi de f\u00f8rste to dage som bes\u00f8gsdage. Her er man som for\u00e6lder med barnet hele tiden. I f\u00e5r garderobeplads, ser b\u00f8rnehaven og m\u00f8der de voksne, som fremover skal v\u00e6re sammen med jeres barn.<\/p><p style=\"text-align: left;\">Herefter tilrettel\u00e6gger vi opstarten med afs\u00e6t i det enkelte barns behov, dialogen med jer for\u00e6ldre og vores erfaringer med indk\u00f8ringer. Vi justerer l\u00f8bende dagene, s\u00e5 barnet gradvist f\u00e5r mulighed for at v\u00e6re her l\u00e6ngere tid ad gangen.<\/p><p style=\"text-align: left;\">En typisk indk\u00f8ring varer ca. 1\u20132 uger. De f\u00f8rste par dage kommer I p\u00e5 bes\u00f8g p\u00e5 barnets stue i cirka to timer \u2013 typisk i tidsrummet 9.30\u201311.00. Derefter begynder vi at \u00f8ve, at mor eller far g\u00e5r \u2013 f\u00f8rst i kort tid, og siden i l\u00e6ngere perioder. Vi bestr\u00e6ber os p\u00e5 at tage hensyn til det enkelte barn, samtidig med at hverdagen ogs\u00e5 skal fungere for de \u00f8vrige b\u00f8rn.<\/p><p style=\"text-align: left;\"><strong>Om hverdagen i b\u00f8rnehaven<\/strong><\/p><p style=\"text-align: left;\">I b\u00f8rnehaven har vi to stuer: <em>Jupiter<\/em> og <em>Saturn<\/em>. Hver morgen \u00e5bner vi for b\u00f8rnehaveb\u00f8rnene oppe i vores vuggestuen kl. 6.15, Kl. 7.30 g\u00e5r vi ned i b\u00f8rnehaven, og her bruger vi begge stuer f\u00e6lles, frem til vi starter fordybelsestid i vores aldersopdelte grupper.<\/p><p style=\"text-align: left;\">Dagens rytme starter med morgensamling kl. 9.15 p\u00e5 barnets egen stue. Fra kl. 9.30\u201312.00 er b\u00f8rnene i aldersopdelte grupper, hvor vi arbejder med forskellige temaer, laver kreative aktiviteter, tager p\u00e5 ture ud af huset og fordyber os sammen. Kl. 11.00 spiser b\u00f8rnene frokost i deres gruppe.<\/p><p style=\"text-align: left;\">For at skabe en rolig og meningsfuld start p\u00e5 dagen beder vi om, at b\u00f8rnene er afleveret <strong>inden kl. 9.00<\/strong>. P\u00e5 den m\u00e5de kan de n\u00e5 at blive en del af dagens aktiviteter fra start, og vi voksne kan tilbyde n\u00e6rv\u00e6r og fordybelse uden forstyrrelser.<\/p><p style=\"text-align: left;\"><strong>For\u00e6ldre i b\u00f8rnehaven<\/strong><\/p><p style=\"text-align: left;\">Samarbejdet med jer for\u00e6ldre har stor betydning \u2013 b\u00e5de for os og for jeres barn.<\/p><p style=\"text-align: left;\">For at skabe de bedste rammer kr\u00e6ver det et t\u00e6t og tillidsfuldt samarbejde. Vi l\u00e6gger v\u00e6gt p\u00e5 god dialog og gennemsigtighed i vores arbejde, med et f\u00e6lles fokus p\u00e5, hvad der er bedst for barnet og for det samlede b\u00f8rnef\u00e6llesskab. Det er en stor hj\u00e6lp for os, hvis jeres barns garderobe altid er opdateret med t\u00f8j tilpasset \u00e5rstiden, ekstra skiftet\u00f8j, sutsko og andet n\u00f8dvendigt \u2013 meget gerne med navn p\u00e5.<\/p><p style=\"text-align: left;\">Barnet har desuden en kasse med ekstra t\u00f8j, som I gerne m\u00e5 tjekke j\u00e6vnligt:<\/p><p style=\"text-align: left;\">\u2013 Passer t\u00f8jet stadig?<br \/>\u2013 Er der alle typer t\u00f8j i kassen (bukser, str\u00f8mper, bluser, undert\u00f8j osv.)?<\/p><p style=\"text-align: left;\">Om morgenen har vi stort fokus p\u00e5, at jeres barn bliver m\u00f8dt med smil og et \u201cgodmorgen\u201d. Vi er klar til at tage imod og skabe en god start p\u00e5 dagen.<\/p><p style=\"text-align: left;\"><strong>Velkommen til Kometens B\u00f8rnehave<\/strong><br \/>Vi gl\u00e6der os til at l\u00e6re jer og jeres barn at kende.<\/p>\t\t\t\t\t\t\t\t<\/div>\n\t\t\t\t<\/div>\n\t\t\t\t\t<\/div>\n\t\t\t\t<\/div>\n\t\t\t\t<\/div>\n\t\t","protected":false},"excerpt":{"rendered":"<p>\u00a0 Jeres barns opstart i b\u00f8rnehaven N\u00e5r jeres barn starter i vores b\u00f8rnehave, vil vi gerne g\u00f8re overgangen fra vuggestue [&hellip;]<\/p>\n","protected":false},"author":1,"featured_media":0,"parent":0,"menu_order":0,"comment_status":"closed","ping_status":"closed","template":"","meta":{"_uag_custom_page_level_css":"","site-sidebar-layout":"no-sidebar","site-content-layout":"","ast-site-content-layout":"full-width-container","site-content-style":"default","site-sidebar-style":"default","ast-global-header-display":"","ast-banner-title-visibility":"","ast-main-header-display":"","ast-hfb-above-header-display":"","ast-hfb-below-header-display":"","ast-hfb-mobile-header-display":"","site-post-title":"disabled","ast-breadcrumbs-content":"","ast-featured-img":"disabled","footer-sml-layout":"","theme-transparent-header-meta":"","adv-header-id-meta":"","stick-header-meta":"","header-above-stick-meta":"","header-main-stick-meta":"","header-below-stick-meta":"","astra-migrate-meta-layouts":"default","ast-page-background-enabled":"default","ast-page-background-meta":{"desktop":{"background-color":"var(--ast-global-color-4)","background-image":"","background-repeat":"repeat","background-position":"center center","background-size":"auto","background-attachment":"scroll","background-type":"","background-media":"","overlay-type":"","overlay-color":"","overlay-opacity":"","overlay-gradient":""},"tablet":{"background-color":"","background-image":"","background-repeat":"repeat","background-position":"center center","background-size":"auto","background-attachment":"scroll","background-type":"","background-media":"","overlay-type":"","overlay-color":"","overlay-opacity":"","overlay-gradient":""},"mobile":{"background-color":"","background-image":"","background-repeat":"repeat","background-position":"center center","background-size":"auto","background-attachment":"scroll","background-type":"","background-media":"","overlay-type":"","overlay-color":"","overlay-opacity":"","overlay-gradient":""}},"ast-content-background-meta":{"desktop":{"background-color":"var(--ast-global-color-5)","background-image":"","background-repeat":"repeat","background-position":"center center","background-size":"auto","background-attachment":"scroll","background-type":"","background-media":"","overlay-type":"","overlay-color":"","overlay-opacity":"","overlay-gradient":""},"tablet":{"background-color":"var(--ast-global-color-5)","background-image":"","background-repeat":"repeat","background-position":"center center","background-size":"auto","background-attachment":"scroll","background-type":"","background-media":"","overlay-type":"","overlay-color":"","overlay-opacity":"","overlay-gradient":""},"mobile":{"background-color":"var(--ast-global-color-5)","background-image":"","background-repeat":"repeat","background-position":"center center","background-size":"auto","background-attachment":"scroll","background-type":"","background-media":"","overlay-type":"","overlay-color":"","overlay-opacity":"","overlay-gradient":""}},"footnotes":""},"class_list":["post-399","page","type-page","status-publish","hentry"],"uagb_featured_image_src":{"full":false,"thumbnail":false,"medium":false,"medium_large":false,"large":false,"1536x1536":false,"2048x2048":false},"uagb_author_info":{"display_name":"admin","author_link":"https:\/\/kometen.dk\/?author=1"},"uagb_comment_info":0,"uagb_excerpt":"\u00a0 Jeres barns opstart i b\u00f8rnehaven N\u00e5r jeres barn starter i vores b\u00f8rnehave, vil vi gerne g\u00f8re overgangen fra vuggestue [&hellip;]","_links":{"self":[{"href":"https:\/\/kometen.dk\/index.php?rest_route=\/wp\/v2\/pages\/399","targetHints":{"allow":["GET"]}}],"collection":[{"href":"https:\/\/kometen.dk\/index.php?rest_route=\/wp\/v2\/pages"}],"about":[{"href":"https:\/\/kometen.dk\/index.php?rest_route=\/wp\/v2\/types\/page"}],"author":[{"embeddable":true,"href":"https:\/\/kometen.dk\/index.php?rest_route=\/wp\/v2\/users\/1"}],"replies":[{"embeddable":true,"href":"https:\/\/kometen.dk\/index.php?rest_route=%2Fwp%2Fv2%2Fcomments&post=399"}],"version-history":[{"count":10,"href":"https:\/\/kometen.dk\/index.php?rest_route=\/wp\/v2\/pages\/399\/revisions"}],"predecessor-version":[{"id":543,"href":"https:\/\/kometen.dk\/index.php?rest_route=\/wp\/v2\/pages\/399\/revisions\/543"}],"wp:attachment":[{"href":"https:\/\/kometen.dk\/index.php?rest_route=%2Fwp%2Fv2%2Fmedia&parent=399"}],"curies":[{"name":"wp","href":"https:\/\/api.w.org\/{rel}","templated":true}]}}