{"id":440,"date":"2025-07-01T14:23:00","date_gmt":"2025-07-01T14:23:00","guid":{"rendered":"https:\/\/kometen.dk\/?page_id=440"},"modified":"2025-07-02T10:30:11","modified_gmt":"2025-07-02T10:30:11","slug":"dagen-gang-i-kometen","status":"publish","type":"page","link":"https:\/\/kometen.dk\/?page_id=440","title":{"rendered":"Dagen gang i Kometen"},"content":{"rendered":"\t\t<div data-elementor-type=\"wp-page\" data-elementor-id=\"440\" class=\"elementor elementor-440\">\n\t\t\t\t<div class=\"elementor-element elementor-element-5a5e1c3 e-flex e-con-boxed e-con e-parent\" data-id=\"5a5e1c3\" data-element_type=\"container\">\n\t\t\t\t\t<div class=\"e-con-inner\">\n\t\t\t\t<div class=\"elementor-element elementor-element-c9b522b elementor-widget elementor-widget-text-editor\" data-id=\"c9b522b\" data-element_type=\"widget\" data-widget_type=\"text-editor.default\">\n\t\t\t\t<div class=\"elementor-widget-container\">\n\t\t\t\t\t\t\t\t\t<p style=\"text-align: left;\">\u00a0<\/p><p style=\"text-align: left;\"><strong>Dagensgang I b\u00f8rnehaven<\/strong><br \/>B\u00f8rnehaven er opdelt i to stuer: <em>Jupiter<\/em> og <em>Saturn<\/em>. Hver morgen \u00e5bner vi for b\u00f8rnehaveb\u00f8rnene oppe i vores vuggestue kl. 6.15.<br \/>Kl. 7.30 g\u00e5r vi ned i b\u00f8rnehaven, og her bruger vi begge stuer f\u00e6lles, frem til samling og derefter fordybelsestid i vores aldersopdelte grupper.<\/p><p style=\"text-align: left;\">Dagens rytme starter med morgensamling kl. 9.15 p\u00e5 barnets egen stue.<br \/>Fra kl. 9.30\u201312.00 er b\u00f8rnene i aldersopdelte grupper, hvor vi arbejder med forskellige temaer, laver kreative aktiviteter, tager p\u00e5 ture ud af huset og fordyber os sammen.<br \/>Kl. 11.00 spiser b\u00f8rnene frokost i deres aldersopdelte grupper.<\/p><p style=\"text-align: left;\">Kl. 12.00 leger vi alle sammen ude p\u00e5 legepladsen.<br \/>Fra kl. 12.00\u201314.00 vil nogle af b\u00f8rnene p\u00e5 skift deltage i <em>legegrupper<\/em>, hvor de leger med en voksen. Legegrupperne er et p\u00e6dagogisk redskab, vi bruger til at give en s\u00e6rlig indsats til enkelte b\u00f8rn. Her l\u00e6rer de at indg\u00e5 i mindre f\u00e6llesskaber, og vi har fokus p\u00e5 at skabe underst\u00f8ttende legef\u00e6llesskaber og st\u00f8tte b\u00f8rnene i udviklingen af relationer.<\/p><p style=\"text-align: left;\">Derudover deltager alle b\u00f8rnehavegrupper i <em>motoriske eftermiddage<\/em> i vores dejlige bev\u00e6gelsesrum, <em>Neptun<\/em>. For at skabe en rolig og meningsfuld start p\u00e5 dagen, beder vi om, at b\u00f8rnene er afleveret inden kl. 9.00. P\u00e5 den m\u00e5de kan de blive en del af dagens aktiviteter fra begyndelsen, og vi voksne kan tilbyde n\u00e6rv\u00e6r og fordybelse uden forstyrrelser<strong>.<\/strong><\/p>\t\t\t\t\t\t\t\t<\/div>\n\t\t\t\t<\/div>\n\t\t\t\t\t<\/div>\n\t\t\t\t<\/div>\n\t\t\t\t<\/div>\n\t\t","protected":false},"excerpt":{"rendered":"<p>\u00a0 Dagensgang I b\u00f8rnehavenB\u00f8rnehaven er opdelt i to stuer: Jupiter og Saturn. Hver morgen \u00e5bner vi for b\u00f8rnehaveb\u00f8rnene oppe i [&hellip;]<\/p>\n","protected":false},"author":1,"featured_media":0,"parent":0,"menu_order":0,"comment_status":"closed","ping_status":"closed","template":"","meta":{"_uag_custom_page_level_css":"","site-sidebar-layout":"no-sidebar","site-content-layout":"","ast-site-content-layout":"full-width-container","site-content-style":"default","site-sidebar-style":"default","ast-global-header-display":"","ast-banner-title-visibility":"","ast-main-header-display":"","ast-hfb-above-header-display":"","ast-hfb-below-header-display":"","ast-hfb-mobile-header-display":"","site-post-title":"disabled","ast-breadcrumbs-content":"","ast-featured-img":"disabled","footer-sml-layout":"","theme-transparent-header-meta":"","adv-header-id-meta":"","stick-header-meta":"","header-above-stick-meta":"","header-main-stick-meta":"","header-below-stick-meta":"","astra-migrate-meta-layouts":"default","ast-page-background-enabled":"default","ast-page-background-meta":{"desktop":{"background-color":"var(--ast-global-color-4)","background-image":"","background-repeat":"repeat","background-position":"center center","background-size":"auto","background-attachment":"scroll","background-type":"","background-media":"","overlay-type":"","overlay-color":"","overlay-opacity":"","overlay-gradient":""},"tablet":{"background-color":"","background-image":"","background-repeat":"repeat","background-position":"center center","background-size":"auto","background-attachment":"scroll","background-type":"","background-media":"","overlay-type":"","overlay-color":"","overlay-opacity":"","overlay-gradient":""},"mobile":{"background-color":"","background-image":"","background-repeat":"repeat","background-position":"center center","background-size":"auto","background-attachment":"scroll","background-type":"","background-media":"","overlay-type":"","overlay-color":"","overlay-opacity":"","overlay-gradient":""}},"ast-content-background-meta":{"desktop":{"background-color":"var(--ast-global-color-5)","background-image":"","background-repeat":"repeat","background-position":"center center","background-size":"auto","background-attachment":"scroll","background-type":"","background-media":"","overlay-type":"","overlay-color":"","overlay-opacity":"","overlay-gradient":""},"tablet":{"background-color":"var(--ast-global-color-5)","background-image":"","background-repeat":"repeat","background-position":"center center","background-size":"auto","background-attachment":"scroll","background-type":"","background-media":"","overlay-type":"","overlay-color":"","overlay-opacity":"","overlay-gradient":""},"mobile":{"background-color":"var(--ast-global-color-5)","background-image":"","background-repeat":"repeat","background-position":"center center","background-size":"auto","background-attachment":"scroll","background-type":"","background-media":"","overlay-type":"","overlay-color":"","overlay-opacity":"","overlay-gradient":""}},"footnotes":""},"class_list":["post-440","page","type-page","status-publish","hentry"],"uagb_featured_image_src":{"full":false,"thumbnail":false,"medium":false,"medium_large":false,"large":false,"1536x1536":false,"2048x2048":false},"uagb_author_info":{"display_name":"admin","author_link":"https:\/\/kometen.dk\/?author=1"},"uagb_comment_info":0,"uagb_excerpt":"\u00a0 Dagensgang I b\u00f8rnehavenB\u00f8rnehaven er opdelt i to stuer: Jupiter og Saturn. Hver morgen \u00e5bner vi for b\u00f8rnehaveb\u00f8rnene oppe i [&hellip;]","_links":{"self":[{"href":"https:\/\/kometen.dk\/index.php?rest_route=\/wp\/v2\/pages\/440","targetHints":{"allow":["GET"]}}],"collection":[{"href":"https:\/\/kometen.dk\/index.php?rest_route=\/wp\/v2\/pages"}],"about":[{"href":"https:\/\/kometen.dk\/index.php?rest_route=\/wp\/v2\/types\/page"}],"author":[{"embeddable":true,"href":"https:\/\/kometen.dk\/index.php?rest_route=\/wp\/v2\/users\/1"}],"replies":[{"embeddable":true,"href":"https:\/\/kometen.dk\/index.php?rest_route=%2Fwp%2Fv2%2Fcomments&post=440"}],"version-history":[{"count":13,"href":"https:\/\/kometen.dk\/index.php?rest_route=\/wp\/v2\/pages\/440\/revisions"}],"predecessor-version":[{"id":531,"href":"https:\/\/kometen.dk\/index.php?rest_route=\/wp\/v2\/pages\/440\/revisions\/531"}],"wp:attachment":[{"href":"https:\/\/kometen.dk\/index.php?rest_route=%2Fwp%2Fv2%2Fmedia&parent=440"}],"curies":[{"name":"wp","href":"https:\/\/api.w.org\/{rel}","templated":true}]}}