{"id":449,"date":"2025-07-01T14:26:46","date_gmt":"2025-07-01T14:26:46","guid":{"rendered":"https:\/\/kometen.dk\/?page_id=449"},"modified":"2025-07-02T10:30:29","modified_gmt":"2025-07-02T10:30:29","slug":"dagens-gang-i-vuggestuen","status":"publish","type":"page","link":"https:\/\/kometen.dk\/?page_id=449","title":{"rendered":"Dagens gang i vuggestuen"},"content":{"rendered":"\t\t<div data-elementor-type=\"wp-page\" data-elementor-id=\"449\" class=\"elementor elementor-449\">\n\t\t\t\t<div class=\"elementor-element elementor-element-2cfc160 e-flex e-con-boxed e-con e-parent\" data-id=\"2cfc160\" data-element_type=\"container\">\n\t\t\t\t\t<div class=\"e-con-inner\">\n\t\t\t\t<div class=\"elementor-element elementor-element-dac49d2 elementor-widget elementor-widget-text-editor\" data-id=\"dac49d2\" data-element_type=\"widget\" data-widget_type=\"text-editor.default\">\n\t\t\t\t<div class=\"elementor-widget-container\">\n\t\t\t\t\t\t\t\t\t<p style=\"text-align: left;\">\u00a0<\/p><p style=\"text-align: left;\"><strong>Dagens gang i vuggestuen<\/strong><br \/>Vuggestuen er opdelt i to stuer: <em>Jorden<\/em> og <em>Venus<\/em>. Hver morgen \u00e5bner vi kl. 6.15 p\u00e5 Venus, og kl. 8 fordeler vi os ud p\u00e5 begge stuer.<\/p><p style=\"text-align: left;\">Kl.9.00 spiser vi formiddagsmad p\u00e5 stuerne<\/p><p style=\"text-align: left;\">Kl.9.15 samling<\/p><p style=\"text-align: left;\">Kl. 9.30 \u2013 10.30 aldersopdelte grupper<\/p><p style=\"text-align: left;\">Kl. 10.40 frokost, frokosten spises i de aldersopdelte grupper<\/p><p style=\"text-align: left;\">Efter frokosten er der overgang til at blive puttet og sove lur.<\/p><p style=\"text-align: left;\">Vi har en fast daglig rytme med m\u00e5ltider, samling og forskellige aktiviteter \u2013 fx rytmik, kreative projekter, ture ud af huset eller leg p\u00e5 legepladsen. Denne del af dagen kalder vi <em>fordybelsestid<\/em>. For at skabe ro og sammenh\u00e6ng for b\u00f8rnene, beder vi om, at de afleveres senest kl. 9.00. P\u00e5 den m\u00e5de kan barnet starte dagen sammen med gruppen og f\u00e5 mest muligt ud af f\u00e6llesskabet og aktiviteterne.<\/p><p style=\"text-align: left;\">Efter morgensamling opdeles b\u00f8rnene i tre aldersopdelte grupper med planlagte p\u00e6dagogiske aktiviteter.<\/p><p style=\"text-align: left;\">\u00a0<\/p>\t\t\t\t\t\t\t\t<\/div>\n\t\t\t\t<\/div>\n\t\t\t\t\t<\/div>\n\t\t\t\t<\/div>\n\t\t\t\t<\/div>\n\t\t","protected":false},"excerpt":{"rendered":"<p>\u00a0 Dagens gang i vuggestuenVuggestuen er opdelt i to stuer: Jorden og Venus. Hver morgen \u00e5bner vi kl. 6.15 p\u00e5 [&hellip;]<\/p>\n","protected":false},"author":1,"featured_media":0,"parent":0,"menu_order":0,"comment_status":"closed","ping_status":"closed","template":"","meta":{"_uag_custom_page_level_css":"","site-sidebar-layout":"no-sidebar","site-content-layout":"","ast-site-content-layout":"full-width-container","site-content-style":"default","site-sidebar-style":"default","ast-global-header-display":"","ast-banner-title-visibility":"","ast-main-header-display":"","ast-hfb-above-header-display":"","ast-hfb-below-header-display":"","ast-hfb-mobile-header-display":"","site-post-title":"disabled","ast-breadcrumbs-content":"","ast-featured-img":"disabled","footer-sml-layout":"","theme-transparent-header-meta":"","adv-header-id-meta":"","stick-header-meta":"","header-above-stick-meta":"","header-main-stick-meta":"","header-below-stick-meta":"","astra-migrate-meta-layouts":"default","ast-page-background-enabled":"default","ast-page-background-meta":{"desktop":{"background-color":"var(--ast-global-color-4)","background-image":"","background-repeat":"repeat","background-position":"center center","background-size":"auto","background-attachment":"scroll","background-type":"","background-media":"","overlay-type":"","overlay-color":"","overlay-opacity":"","overlay-gradient":""},"tablet":{"background-color":"","background-image":"","background-repeat":"repeat","background-position":"center center","background-size":"auto","background-attachment":"scroll","background-type":"","background-media":"","overlay-type":"","overlay-color":"","overlay-opacity":"","overlay-gradient":""},"mobile":{"background-color":"","background-image":"","background-repeat":"repeat","background-position":"center center","background-size":"auto","background-attachment":"scroll","background-type":"","background-media":"","overlay-type":"","overlay-color":"","overlay-opacity":"","overlay-gradient":""}},"ast-content-background-meta":{"desktop":{"background-color":"var(--ast-global-color-5)","background-image":"","background-repeat":"repeat","background-position":"center center","background-size":"auto","background-attachment":"scroll","background-type":"","background-media":"","overlay-type":"","overlay-color":"","overlay-opacity":"","overlay-gradient":""},"tablet":{"background-color":"var(--ast-global-color-5)","background-image":"","background-repeat":"repeat","background-position":"center center","background-size":"auto","background-attachment":"scroll","background-type":"","background-media":"","overlay-type":"","overlay-color":"","overlay-opacity":"","overlay-gradient":""},"mobile":{"background-color":"var(--ast-global-color-5)","background-image":"","background-repeat":"repeat","background-position":"center center","background-size":"auto","background-attachment":"scroll","background-type":"","background-media":"","overlay-type":"","overlay-color":"","overlay-opacity":"","overlay-gradient":""}},"footnotes":""},"class_list":["post-449","page","type-page","status-publish","hentry"],"uagb_featured_image_src":{"full":false,"thumbnail":false,"medium":false,"medium_large":false,"large":false,"1536x1536":false,"2048x2048":false},"uagb_author_info":{"display_name":"admin","author_link":"https:\/\/kometen.dk\/?author=1"},"uagb_comment_info":0,"uagb_excerpt":"\u00a0 Dagens gang i vuggestuenVuggestuen er opdelt i to stuer: Jorden og Venus. Hver morgen \u00e5bner vi kl. 6.15 p\u00e5 [&hellip;]","_links":{"self":[{"href":"https:\/\/kometen.dk\/index.php?rest_route=\/wp\/v2\/pages\/449","targetHints":{"allow":["GET"]}}],"collection":[{"href":"https:\/\/kometen.dk\/index.php?rest_route=\/wp\/v2\/pages"}],"about":[{"href":"https:\/\/kometen.dk\/index.php?rest_route=\/wp\/v2\/types\/page"}],"author":[{"embeddable":true,"href":"https:\/\/kometen.dk\/index.php?rest_route=\/wp\/v2\/users\/1"}],"replies":[{"embeddable":true,"href":"https:\/\/kometen.dk\/index.php?rest_route=%2Fwp%2Fv2%2Fcomments&post=449"}],"version-history":[{"count":7,"href":"https:\/\/kometen.dk\/index.php?rest_route=\/wp\/v2\/pages\/449\/revisions"}],"predecessor-version":[{"id":534,"href":"https:\/\/kometen.dk\/index.php?rest_route=\/wp\/v2\/pages\/449\/revisions\/534"}],"wp:attachment":[{"href":"https:\/\/kometen.dk\/index.php?rest_route=%2Fwp%2Fv2%2Fmedia&parent=449"}],"curies":[{"name":"wp","href":"https:\/\/api.w.org\/{rel}","templated":true}]}}