{"id":462,"date":"2025-07-01T14:42:54","date_gmt":"2025-07-01T14:42:54","guid":{"rendered":"https:\/\/kometen.dk\/?page_id=462"},"modified":"2025-07-02T10:08:14","modified_gmt":"2025-07-02T10:08:14","slug":"er-du-vores-nye-kollega","status":"publish","type":"page","link":"https:\/\/kometen.dk\/?page_id=462","title":{"rendered":"Er du vores nye kollega"},"content":{"rendered":"\t\t<div data-elementor-type=\"wp-page\" data-elementor-id=\"462\" class=\"elementor elementor-462\">\n\t\t\t\t<div class=\"elementor-element elementor-element-c32615a e-flex e-con-boxed e-con e-parent\" data-id=\"c32615a\" data-element_type=\"container\">\n\t\t\t\t\t<div class=\"e-con-inner\">\n\t\t\t\t<div class=\"elementor-element elementor-element-a327300 elementor-widget elementor-widget-text-editor\" data-id=\"a327300\" data-element_type=\"widget\" data-widget_type=\"text-editor.default\">\n\t\t\t\t<div class=\"elementor-widget-container\">\n\t\t\t\t\t\t\t\t\t<p>\u00a0<\/p><p><strong>Vi s\u00f8ger en P\u00e6dagog til vores B\u00f8rnehuse<\/strong><\/p><p>Vil du v\u00e6re en del af et varmt, mangfoldigt b\u00f8rnehus og er du fagligt ambiti\u00f8st? S\u00e5 er det m\u00e5ske dig, vi leder efter!<\/p><p><strong>Kometen<\/strong> er et selvejende b\u00f8rnehus i K\u00f8benhavn NV med 24 vuggestueb\u00f8rn og 44 b\u00f8rnehaveb\u00f8rn, og lige nu s\u00f8ger vi en engageret p\u00e6dagog til vores b\u00f8rnehaveafdeling. Her arbejder vi aldersopdelt, med 2-3 prim\u00e6rvoksne pr. gruppe og masser af n\u00e6rv\u00e6r i hverdagen. Vi tror p\u00e5 struktur med plads til b\u00f8rns spor, udvikling og leg.<\/p><p><strong>Derfor skal du s\u00f8ge hos os:<\/strong><\/p><ul><li>Hos os har vi faglig udvikling i fokus, du f\u00e5r derfor mulighed for sparring, efteruddannelse og reel indflydelse p\u00e5 det p\u00e6dagogiske arbejde.<\/li><li>Du vil v\u00e6re t\u00e6t p\u00e5 b\u00f8rnene og t\u00e6t p\u00e5 ledelsen fordi vi er en mindre, selvejende institution med n\u00e6rv\u00e6r i hverdagen, korte beslutningsveje og ledelse der lytter.<\/li><li>Vi er et hus med mangfoldighed og mening, du bliver derfor en del af et b\u00f8rnehus med hjerterum og kulturel diversitet \u2013 hvor du g\u00f8r en forskel for b\u00f8rns trivsel, udvikling og dannelse hver dag<\/li><li>Du f\u00e5r fagligt nysgerrige kolleger<\/li><\/ul><p>Vi l\u00e6gger v\u00e6gt p\u00e5, at du er omsorgsfuld, tydelig og tager ansvar \u2013 b\u00e5de i samspillet med b\u00f8rn, kolleger og for\u00e6ldre. Du br\u00e6nder for det p\u00e6dagogiske arbejde og trives i en hverdag med struktur, fordybelse og f\u00e6lles refleksion.<\/p><p>Vil du vide mere? Ring til leder Jeanette p\u00e5 <strong>30 52 03 34<\/strong> eller kig forbi til en uformel snak.<\/p><p><strong>Ans\u00f8gningsfrist:<\/strong> vi afholder samtaler l\u00f8bende, og er altid p\u00e5 udkig efter den rette til vores b\u00f8rnehus, s\u00e5 <br \/>Send din ans\u00f8gning og CV til <strong>CM9G@kk.dk<\/strong> og skriv <em>P\u00e6dagogstilling<\/em> i emnefeltet.<\/p><p><strong>Vi gl\u00e6der os til at m\u00f8de dig!<\/strong><\/p><p>\u00a0<\/p>\t\t\t\t\t\t\t\t<\/div>\n\t\t\t\t<\/div>\n\t\t\t\t\t<\/div>\n\t\t\t\t<\/div>\n\t\t\t\t<\/div>\n\t\t","protected":false},"excerpt":{"rendered":"<p>\u00a0 Vi s\u00f8ger en P\u00e6dagog til vores B\u00f8rnehuse Vil du v\u00e6re en del af et varmt, mangfoldigt b\u00f8rnehus og er [&hellip;]<\/p>\n","protected":false},"author":1,"featured_media":0,"parent":0,"menu_order":0,"comment_status":"closed","ping_status":"closed","template":"","meta":{"_uag_custom_page_level_css":"","site-sidebar-layout":"no-sidebar","site-content-layout":"","ast-site-content-layout":"full-width-container","site-content-style":"default","site-sidebar-style":"default","ast-global-header-display":"","ast-banner-title-visibility":"","ast-main-header-display":"","ast-hfb-above-header-display":"","ast-hfb-below-header-display":"","ast-hfb-mobile-header-display":"","site-post-title":"disabled","ast-breadcrumbs-content":"","ast-featured-img":"disabled","footer-sml-layout":"","theme-transparent-header-meta":"","adv-header-id-meta":"","stick-header-meta":"","header-above-stick-meta":"","header-main-stick-meta":"","header-below-stick-meta":"","astra-migrate-meta-layouts":"default","ast-page-background-enabled":"default","ast-page-background-meta":{"desktop":{"background-color":"var(--ast-global-color-4)","background-image":"","background-repeat":"repeat","background-position":"center center","background-size":"auto","background-attachment":"scroll","background-type":"","background-media":"","overlay-type":"","overlay-color":"","overlay-opacity":"","overlay-gradient":""},"tablet":{"background-color":"","background-image":"","background-repeat":"repeat","background-position":"center center","background-size":"auto","background-attachment":"scroll","background-type":"","background-media":"","overlay-type":"","overlay-color":"","overlay-opacity":"","overlay-gradient":""},"mobile":{"background-color":"","background-image":"","background-repeat":"repeat","background-position":"center center","background-size":"auto","background-attachment":"scroll","background-type":"","background-media":"","overlay-type":"","overlay-color":"","overlay-opacity":"","overlay-gradient":""}},"ast-content-background-meta":{"desktop":{"background-color":"var(--ast-global-color-5)","background-image":"","background-repeat":"repeat","background-position":"center center","background-size":"auto","background-attachment":"scroll","background-type":"","background-media":"","overlay-type":"","overlay-color":"","overlay-opacity":"","overlay-gradient":""},"tablet":{"background-color":"var(--ast-global-color-5)","background-image":"","background-repeat":"repeat","background-position":"center center","background-size":"auto","background-attachment":"scroll","background-type":"","background-media":"","overlay-type":"","overlay-color":"","overlay-opacity":"","overlay-gradient":""},"mobile":{"background-color":"var(--ast-global-color-5)","background-image":"","background-repeat":"repeat","background-position":"center center","background-size":"auto","background-attachment":"scroll","background-type":"","background-media":"","overlay-type":"","overlay-color":"","overlay-opacity":"","overlay-gradient":""}},"footnotes":""},"class_list":["post-462","page","type-page","status-publish","hentry"],"uagb_featured_image_src":{"full":false,"thumbnail":false,"medium":false,"medium_large":false,"large":false,"1536x1536":false,"2048x2048":false},"uagb_author_info":{"display_name":"admin","author_link":"https:\/\/kometen.dk\/?author=1"},"uagb_comment_info":0,"uagb_excerpt":"\u00a0 Vi s\u00f8ger en P\u00e6dagog til vores B\u00f8rnehuse Vil du v\u00e6re en del af et varmt, mangfoldigt b\u00f8rnehus og er [&hellip;]","_links":{"self":[{"href":"https:\/\/kometen.dk\/index.php?rest_route=\/wp\/v2\/pages\/462","targetHints":{"allow":["GET"]}}],"collection":[{"href":"https:\/\/kometen.dk\/index.php?rest_route=\/wp\/v2\/pages"}],"about":[{"href":"https:\/\/kometen.dk\/index.php?rest_route=\/wp\/v2\/types\/page"}],"author":[{"embeddable":true,"href":"https:\/\/kometen.dk\/index.php?rest_route=\/wp\/v2\/users\/1"}],"replies":[{"embeddable":true,"href":"https:\/\/kometen.dk\/index.php?rest_route=%2Fwp%2Fv2%2Fcomments&post=462"}],"version-history":[{"count":4,"href":"https:\/\/kometen.dk\/index.php?rest_route=\/wp\/v2\/pages\/462\/revisions"}],"predecessor-version":[{"id":513,"href":"https:\/\/kometen.dk\/index.php?rest_route=\/wp\/v2\/pages\/462\/revisions\/513"}],"wp:attachment":[{"href":"https:\/\/kometen.dk\/index.php?rest_route=%2Fwp%2Fv2%2Fmedia&parent=462"}],"curies":[{"name":"wp","href":"https:\/\/api.w.org\/{rel}","templated":true}]}}