{"id":467,"date":"2025-07-01T14:47:51","date_gmt":"2025-07-01T14:47:51","guid":{"rendered":"https:\/\/kometen.dk\/?page_id=467"},"modified":"2025-07-02T10:30:54","modified_gmt":"2025-07-02T10:30:54","slug":"foraeldre-og-aula","status":"publish","type":"page","link":"https:\/\/kometen.dk\/?page_id=467","title":{"rendered":"For\u00e6ldre og Aula"},"content":{"rendered":"\t\t<div data-elementor-type=\"wp-page\" data-elementor-id=\"467\" class=\"elementor elementor-467\">\n\t\t\t\t<div class=\"elementor-element elementor-element-4d24601 e-flex e-con-boxed e-con e-parent\" data-id=\"4d24601\" data-element_type=\"container\">\n\t\t\t\t\t<div class=\"e-con-inner\">\n\t\t\t\t<div class=\"elementor-element elementor-element-f87f84f elementor-widget elementor-widget-text-editor\" data-id=\"f87f84f\" data-element_type=\"widget\" data-widget_type=\"text-editor.default\">\n\t\t\t\t<div class=\"elementor-widget-container\">\n\t\t\t\t\t\t\t\t\t<p style=\"text-align: left;\">\u00a0<\/p><p style=\"text-align: left;\"><strong>For\u00e6ldresamarbejde i hverdagen og brugen af Aula<\/strong><\/p><p style=\"text-align: left;\">I Kometen l\u00e6gger vi stor v\u00e6gt p\u00e5 en \u00e5ben og tillidsfuld dialog med jer for\u00e6ldre. Et godt samarbejde mellem hjem og institution er helt afg\u00f8rende for jeres barns trivsel. Den daglige kontakt giver os mulighed for at dele indtryk fra jeres barns liv i institutionen, og hvordan det trives i f\u00e6llesskabet, hvad der optager jeres barn, og hvis der opst\u00e5r s\u00e6rlige gl\u00e6der eller udfordringer.<\/p><p style=\"text-align: left;\">Vi har ogs\u00e5 brug for at kende til de ting, der kan p\u00e5virke jeres barn hjemmefra. Derfor opfordrer vi jer til at fort\u00e6lle os, hvis der sker noget i familien, som kan have betydning, det kan v\u00e6re alt fra sygdom, d\u00f8dsfald og skilsmisse til travle perioder i hverdagen. Ingen bekymring er for lille, vi vil gerne h\u00f8re det hele, s\u00e5 vi bedst muligt kan st\u00f8tte jeres barn.<\/p><p style=\"text-align: left;\"><strong>Brug af Aula<\/strong><\/p><p style=\"text-align: left;\">Vi bruger Aula som vores prim\u00e6re platform til kommunikation og information. Her tjekker I jeres barn ind og ud af institutionen, og I kan nemt sende beskeder til stuen, ledelsen eller det \u00f8vrige personale.<\/p><p style=\"text-align: left;\">P\u00e5 Aula finder I ogs\u00e5:<\/p><ul style=\"text-align: left;\"><li>Ugeplaner og madplaner<\/li><li>Aktuelle opslag og beskeder<\/li><li>Vores nyhedsbrev med overblik over livet i huset<\/li><\/ul><p style=\"text-align: left;\">Vi anbefaler, at I tjekker Aula j\u00e6vnligt, s\u00e5 I er opdateret og ikke g\u00e5r glip af vigtig information.<\/p><p style=\"text-align: left;\"><strong>Har I brug for at kontakte barnets stue?<\/strong><br \/>Det g\u00f8r I nemt via beskedfunktionen i Aula:<br \/>V\u00e6lg <em>Beskeder<\/em> \u2192 Skriv til stuen \u2192 Send.<\/p><p style=\"text-align: left;\">Har I sp\u00f8rgsm\u00e5l til brugen af Aula, hj\u00e6lper vi jer naturligvis gerne \u2013 bare sp\u00f8rg personalet.<\/p><p style=\"text-align: left;\">\u00a0<\/p>\t\t\t\t\t\t\t\t<\/div>\n\t\t\t\t<\/div>\n\t\t\t\t\t<\/div>\n\t\t\t\t<\/div>\n\t\t\t\t<\/div>\n\t\t","protected":false},"excerpt":{"rendered":"<p>\u00a0 For\u00e6ldresamarbejde i hverdagen og brugen af Aula I Kometen l\u00e6gger vi stor v\u00e6gt p\u00e5 en \u00e5ben og tillidsfuld dialog [&hellip;]<\/p>\n","protected":false},"author":1,"featured_media":0,"parent":0,"menu_order":0,"comment_status":"closed","ping_status":"closed","template":"","meta":{"_uag_custom_page_level_css":"","site-sidebar-layout":"no-sidebar","site-content-layout":"","ast-site-content-layout":"full-width-container","site-content-style":"default","site-sidebar-style":"default","ast-global-header-display":"","ast-banner-title-visibility":"","ast-main-header-display":"","ast-hfb-above-header-display":"","ast-hfb-below-header-display":"","ast-hfb-mobile-header-display":"","site-post-title":"disabled","ast-breadcrumbs-content":"","ast-featured-img":"disabled","footer-sml-layout":"","theme-transparent-header-meta":"","adv-header-id-meta":"","stick-header-meta":"","header-above-stick-meta":"","header-main-stick-meta":"","header-below-stick-meta":"","astra-migrate-meta-layouts":"default","ast-page-background-enabled":"default","ast-page-background-meta":{"desktop":{"background-color":"var(--ast-global-color-4)","background-image":"","background-repeat":"repeat","background-position":"center center","background-size":"auto","background-attachment":"scroll","background-type":"","background-media":"","overlay-type":"","overlay-color":"","overlay-opacity":"","overlay-gradient":""},"tablet":{"background-color":"","background-image":"","background-repeat":"repeat","background-position":"center center","background-size":"auto","background-attachment":"scroll","background-type":"","background-media":"","overlay-type":"","overlay-color":"","overlay-opacity":"","overlay-gradient":""},"mobile":{"background-color":"","background-image":"","background-repeat":"repeat","background-position":"center center","background-size":"auto","background-attachment":"scroll","background-type":"","background-media":"","overlay-type":"","overlay-color":"","overlay-opacity":"","overlay-gradient":""}},"ast-content-background-meta":{"desktop":{"background-color":"var(--ast-global-color-5)","background-image":"","background-repeat":"repeat","background-position":"center center","background-size":"auto","background-attachment":"scroll","background-type":"","background-media":"","overlay-type":"","overlay-color":"","overlay-opacity":"","overlay-gradient":""},"tablet":{"background-color":"var(--ast-global-color-5)","background-image":"","background-repeat":"repeat","background-position":"center center","background-size":"auto","background-attachment":"scroll","background-type":"","background-media":"","overlay-type":"","overlay-color":"","overlay-opacity":"","overlay-gradient":""},"mobile":{"background-color":"var(--ast-global-color-5)","background-image":"","background-repeat":"repeat","background-position":"center center","background-size":"auto","background-attachment":"scroll","background-type":"","background-media":"","overlay-type":"","overlay-color":"","overlay-opacity":"","overlay-gradient":""}},"footnotes":""},"class_list":["post-467","page","type-page","status-publish","hentry"],"uagb_featured_image_src":{"full":false,"thumbnail":false,"medium":false,"medium_large":false,"large":false,"1536x1536":false,"2048x2048":false},"uagb_author_info":{"display_name":"admin","author_link":"https:\/\/kometen.dk\/?author=1"},"uagb_comment_info":0,"uagb_excerpt":"\u00a0 For\u00e6ldresamarbejde i hverdagen og brugen af Aula I Kometen l\u00e6gger vi stor v\u00e6gt p\u00e5 en \u00e5ben og tillidsfuld dialog [&hellip;]","_links":{"self":[{"href":"https:\/\/kometen.dk\/index.php?rest_route=\/wp\/v2\/pages\/467","targetHints":{"allow":["GET"]}}],"collection":[{"href":"https:\/\/kometen.dk\/index.php?rest_route=\/wp\/v2\/pages"}],"about":[{"href":"https:\/\/kometen.dk\/index.php?rest_route=\/wp\/v2\/types\/page"}],"author":[{"embeddable":true,"href":"https:\/\/kometen.dk\/index.php?rest_route=\/wp\/v2\/users\/1"}],"replies":[{"embeddable":true,"href":"https:\/\/kometen.dk\/index.php?rest_route=%2Fwp%2Fv2%2Fcomments&post=467"}],"version-history":[{"count":10,"href":"https:\/\/kometen.dk\/index.php?rest_route=\/wp\/v2\/pages\/467\/revisions"}],"predecessor-version":[{"id":537,"href":"https:\/\/kometen.dk\/index.php?rest_route=\/wp\/v2\/pages\/467\/revisions\/537"}],"wp:attachment":[{"href":"https:\/\/kometen.dk\/index.php?rest_route=%2Fwp%2Fv2%2Fmedia&parent=467"}],"curies":[{"name":"wp","href":"https:\/\/api.w.org\/{rel}","templated":true}]}}