{"id":469,"date":"2025-07-01T14:47:51","date_gmt":"2025-07-01T14:47:51","guid":{"rendered":"https:\/\/kometen.dk\/?page_id=469"},"modified":"2025-07-02T10:29:36","modified_gmt":"2025-07-02T10:29:36","slug":"bestyrelse","status":"publish","type":"page","link":"https:\/\/kometen.dk\/?page_id=469","title":{"rendered":"Bestyrelse"},"content":{"rendered":"\t\t<div data-elementor-type=\"wp-page\" data-elementor-id=\"469\" class=\"elementor elementor-469\">\n\t\t\t\t<div class=\"elementor-element elementor-element-8284a65 e-flex e-con-boxed e-con e-parent\" data-id=\"8284a65\" data-element_type=\"container\">\n\t\t\t\t\t<div class=\"e-con-inner\">\n\t\t\t\t<div class=\"elementor-element elementor-element-8b919d7 elementor-widget elementor-widget-text-editor\" data-id=\"8b919d7\" data-element_type=\"widget\" data-widget_type=\"text-editor.default\">\n\t\t\t\t<div class=\"elementor-widget-container\">\n\t\t\t\t\t\t\t\t\t<p style=\"text-align: left;\">\u00a0<\/p><p style=\"text-align: left;\"><strong>Bestyrelsen I B\u00f8rnehuset Kometen \u2013 jeres stemme i institutionen<\/strong><\/p><p style=\"text-align: left;\">Som selvejende daginstitution har vi en bestyrelse, der spiller en vigtig rolle i samarbejdet mellem institution og hjem.<\/p><p style=\"text-align: left;\">Bestyrelsen er institutionens \u00f8verste myndighed, den har det overordnede ansvar for institutionens drift og \u00f8konomi, samt for de p\u00e6dagogiske og uddannelsesm\u00e6ssige aktiviteter. Den varetager institutionens interesser og arbejder for, at hverdagen fungerer bedst muligt for b\u00e5de b\u00f8rn, for\u00e6ldre og personale.<\/p><p style=\"text-align: left;\">Bestyrelsen best\u00e5r af for\u00e6ldre, ledelse og en medarbejderrepr\u00e6sentant og alle for\u00e6ldre har mulighed for at stille op og f\u00e5 indflydelse.<\/p><p style=\"text-align: left;\">Har du lyst til at engagere dig, f\u00e5 indblik i beslutninger og v\u00e6re med til at pr\u00e6ge dit barns liv i B\u00f8rnehuset Kometen, er bestyrelsen en rigtig god mulighed. Du er altid velkommen til at tage kontakt, hvis du vil h\u00f8re mere eller har id\u00e9er, vi kan tage med videre.<\/p><p style=\"text-align: left;\">Du kan l\u00e6se mere her:<\/p><p style=\"text-align: left;\"><a href=\"https:\/\/www.kk.dk\/borger\/pasning-og-skole\/pasning-0-6-aar\/foraeldrebestyrelser-og-raad\">For\u00e6ldrebestyrelser og -r\u00e5d | K\u00f8benhavns Kommune<\/a><\/p>\t\t\t\t\t\t\t\t<\/div>\n\t\t\t\t<\/div>\n\t\t\t\t\t<\/div>\n\t\t\t\t<\/div>\n\t\t\t\t<\/div>\n\t\t","protected":false},"excerpt":{"rendered":"<p>\u00a0 Bestyrelsen I B\u00f8rnehuset Kometen \u2013 jeres stemme i institutionen Som selvejende daginstitution har vi en bestyrelse, der spiller en [&hellip;]<\/p>\n","protected":false},"author":1,"featured_media":0,"parent":0,"menu_order":0,"comment_status":"closed","ping_status":"closed","template":"","meta":{"_uag_custom_page_level_css":"","site-sidebar-layout":"no-sidebar","site-content-layout":"","ast-site-content-layout":"full-width-container","site-content-style":"default","site-sidebar-style":"default","ast-global-header-display":"","ast-banner-title-visibility":"","ast-main-header-display":"","ast-hfb-above-header-display":"","ast-hfb-below-header-display":"","ast-hfb-mobile-header-display":"","site-post-title":"disabled","ast-breadcrumbs-content":"","ast-featured-img":"disabled","footer-sml-layout":"","theme-transparent-header-meta":"","adv-header-id-meta":"","stick-header-meta":"","header-above-stick-meta":"","header-main-stick-meta":"","header-below-stick-meta":"","astra-migrate-meta-layouts":"default","ast-page-background-enabled":"default","ast-page-background-meta":{"desktop":{"background-color":"var(--ast-global-color-4)","background-image":"","background-repeat":"repeat","background-position":"center center","background-size":"auto","background-attachment":"scroll","background-type":"","background-media":"","overlay-type":"","overlay-color":"","overlay-opacity":"","overlay-gradient":""},"tablet":{"background-color":"","background-image":"","background-repeat":"repeat","background-position":"center center","background-size":"auto","background-attachment":"scroll","background-type":"","background-media":"","overlay-type":"","overlay-color":"","overlay-opacity":"","overlay-gradient":""},"mobile":{"background-color":"","background-image":"","background-repeat":"repeat","background-position":"center center","background-size":"auto","background-attachment":"scroll","background-type":"","background-media":"","overlay-type":"","overlay-color":"","overlay-opacity":"","overlay-gradient":""}},"ast-content-background-meta":{"desktop":{"background-color":"var(--ast-global-color-5)","background-image":"","background-repeat":"repeat","background-position":"center center","background-size":"auto","background-attachment":"scroll","background-type":"","background-media":"","overlay-type":"","overlay-color":"","overlay-opacity":"","overlay-gradient":""},"tablet":{"background-color":"var(--ast-global-color-5)","background-image":"","background-repeat":"repeat","background-position":"center center","background-size":"auto","background-attachment":"scroll","background-type":"","background-media":"","overlay-type":"","overlay-color":"","overlay-opacity":"","overlay-gradient":""},"mobile":{"background-color":"var(--ast-global-color-5)","background-image":"","background-repeat":"repeat","background-position":"center center","background-size":"auto","background-attachment":"scroll","background-type":"","background-media":"","overlay-type":"","overlay-color":"","overlay-opacity":"","overlay-gradient":""}},"footnotes":""},"class_list":["post-469","page","type-page","status-publish","hentry"],"uagb_featured_image_src":{"full":false,"thumbnail":false,"medium":false,"medium_large":false,"large":false,"1536x1536":false,"2048x2048":false},"uagb_author_info":{"display_name":"admin","author_link":"https:\/\/kometen.dk\/?author=1"},"uagb_comment_info":0,"uagb_excerpt":"\u00a0 Bestyrelsen I B\u00f8rnehuset Kometen \u2013 jeres stemme i institutionen Som selvejende daginstitution har vi en bestyrelse, der spiller en [&hellip;]","_links":{"self":[{"href":"https:\/\/kometen.dk\/index.php?rest_route=\/wp\/v2\/pages\/469","targetHints":{"allow":["GET"]}}],"collection":[{"href":"https:\/\/kometen.dk\/index.php?rest_route=\/wp\/v2\/pages"}],"about":[{"href":"https:\/\/kometen.dk\/index.php?rest_route=\/wp\/v2\/types\/page"}],"author":[{"embeddable":true,"href":"https:\/\/kometen.dk\/index.php?rest_route=\/wp\/v2\/users\/1"}],"replies":[{"embeddable":true,"href":"https:\/\/kometen.dk\/index.php?rest_route=%2Fwp%2Fv2%2Fcomments&post=469"}],"version-history":[{"count":7,"href":"https:\/\/kometen.dk\/index.php?rest_route=\/wp\/v2\/pages\/469\/revisions"}],"predecessor-version":[{"id":528,"href":"https:\/\/kometen.dk\/index.php?rest_route=\/wp\/v2\/pages\/469\/revisions\/528"}],"wp:attachment":[{"href":"https:\/\/kometen.dk\/index.php?rest_route=%2Fwp%2Fv2%2Fmedia&parent=469"}],"curies":[{"name":"wp","href":"https:\/\/api.w.org\/{rel}","templated":true}]}}