{"id":581,"date":"2025-07-03T15:04:33","date_gmt":"2025-07-03T15:04:33","guid":{"rendered":"https:\/\/kometen.dk\/?page_id=581"},"modified":"2025-07-03T15:22:58","modified_gmt":"2025-07-03T15:22:58","slug":"sygepolitik","status":"publish","type":"page","link":"https:\/\/kometen.dk\/?page_id=581","title":{"rendered":"Sygepolitik"},"content":{"rendered":"\t\t<div data-elementor-type=\"wp-page\" data-elementor-id=\"581\" class=\"elementor elementor-581\">\n\t\t\t\t<div class=\"elementor-element elementor-element-8c46b47 e-flex e-con-boxed e-con e-parent\" data-id=\"8c46b47\" data-element_type=\"container\">\n\t\t\t\t\t<div class=\"e-con-inner\">\n\t\t\t\t<div class=\"elementor-element elementor-element-7ba2551 elementor-widget elementor-widget-text-editor\" data-id=\"7ba2551\" data-element_type=\"widget\" data-widget_type=\"text-editor.default\">\n\t\t\t\t<div class=\"elementor-widget-container\">\n\t\t\t\t\t\t\t\t\t<p>\u00a0<\/p><p><strong>Sygdom i B\u00f8rnehuset<\/strong><\/p><p>Et barn, der er sygt, skal blive hjemme og m\u00e5 ikke komme i b\u00f8rnehuset. Vi f\u00f8lger Sundhedsstyrelsens anbefalinger, hvor der tages hensyn b\u00e5de til barnets eget velbefindende og til at begr\u00e6nse smitte blandt de \u00f8vrige b\u00f8rn og personalet.<\/p><p>Selvom barnet ikke n\u00f8dvendigvis har tydelige symptomer som feber eller opkast, kontakter vi for\u00e6ldre, hvis barnet ikke trives eller ikke kan deltage i dagens aktiviteter som vanligt.<\/p><p><strong>Hvorn\u00e5r m\u00e5 barnet komme tilbage?<\/strong><\/p><p>Vi anbefaler, at barnet f\u00f8rst vender tilbage, n\u00e5r det har haft en feberfri dag uden medicin, og igen kan deltage i det daglige liv i b\u00f8rnehuset \u2013 b\u00e5de inde og ude. Barnet skal v\u00e6re frisk nok til at kunne deltage i aktiviteter uden s\u00e6rlige hensyn.<\/p><p><strong>Medicin<\/strong><\/p><p>Som udgangspunkt giver vi ikke medicin i b\u00f8rnehuset. I s\u00e6rlige tilf\u00e6lde \u2013 som ved behandlingskr\u00e6vende astma \u2013 kan der gives medicin, hvis det er aftalt med os p\u00e5 forh\u00e5nd, og der foreligger en skriftlig l\u00e6geinstruks, der tydeligt beskriver, hvordan og hvorn\u00e5r medicinen skal gives.<\/p><p><strong>Sygefrav\u00e6r \u2013 giv os besked<\/strong><\/p><p>Vi opfordrer til, at I som for\u00e6ldre ringer eller sender en besked, hvis jeres barn er sygt. Det hj\u00e6lper os med hurtigt at vurdere, om vi skal v\u00e6re opm\u00e6rksomme p\u00e5 smitte i huset, og vi kan bedre st\u00f8tte b\u00f8rnegruppen i hverdagen.<\/p><p><strong>Forebyggelse af smitte<\/strong><\/p><p>Vi opfordrer alle for\u00e6ldre til at vaske h\u00e6nder sammen med barnet ved aflevering. Det er en enkel, men effektiv m\u00e5de at mindske spredning af bakterier og virus i huset p\u00e5.<\/p><p>\u00a0<\/p>\t\t\t\t\t\t\t\t<\/div>\n\t\t\t\t<\/div>\n\t\t\t\t\t<\/div>\n\t\t\t\t<\/div>\n\t\t\t\t<\/div>\n\t\t","protected":false},"excerpt":{"rendered":"<p>\u00a0 Sygdom i B\u00f8rnehuset Et barn, der er sygt, skal blive hjemme og m\u00e5 ikke komme i b\u00f8rnehuset. Vi f\u00f8lger [&hellip;]<\/p>\n","protected":false},"author":1,"featured_media":0,"parent":0,"menu_order":0,"comment_status":"closed","ping_status":"closed","template":"","meta":{"_uag_custom_page_level_css":"","site-sidebar-layout":"no-sidebar","site-content-layout":"","ast-site-content-layout":"full-width-container","site-content-style":"default","site-sidebar-style":"default","ast-global-header-display":"","ast-banner-title-visibility":"","ast-main-header-display":"","ast-hfb-above-header-display":"","ast-hfb-below-header-display":"","ast-hfb-mobile-header-display":"","site-post-title":"disabled","ast-breadcrumbs-content":"","ast-featured-img":"disabled","footer-sml-layout":"","theme-transparent-header-meta":"","adv-header-id-meta":"","stick-header-meta":"","header-above-stick-meta":"","header-main-stick-meta":"","header-below-stick-meta":"","astra-migrate-meta-layouts":"default","ast-page-background-enabled":"default","ast-page-background-meta":{"desktop":{"background-color":"var(--ast-global-color-4)","background-image":"","background-repeat":"repeat","background-position":"center center","background-size":"auto","background-attachment":"scroll","background-type":"","background-media":"","overlay-type":"","overlay-color":"","overlay-opacity":"","overlay-gradient":""},"tablet":{"background-color":"","background-image":"","background-repeat":"repeat","background-position":"center center","background-size":"auto","background-attachment":"scroll","background-type":"","background-media":"","overlay-type":"","overlay-color":"","overlay-opacity":"","overlay-gradient":""},"mobile":{"background-color":"","background-image":"","background-repeat":"repeat","background-position":"center center","background-size":"auto","background-attachment":"scroll","background-type":"","background-media":"","overlay-type":"","overlay-color":"","overlay-opacity":"","overlay-gradient":""}},"ast-content-background-meta":{"desktop":{"background-color":"var(--ast-global-color-5)","background-image":"","background-repeat":"repeat","background-position":"center center","background-size":"auto","background-attachment":"scroll","background-type":"","background-media":"","overlay-type":"","overlay-color":"","overlay-opacity":"","overlay-gradient":""},"tablet":{"background-color":"var(--ast-global-color-5)","background-image":"","background-repeat":"repeat","background-position":"center center","background-size":"auto","background-attachment":"scroll","background-type":"","background-media":"","overlay-type":"","overlay-color":"","overlay-opacity":"","overlay-gradient":""},"mobile":{"background-color":"var(--ast-global-color-5)","background-image":"","background-repeat":"repeat","background-position":"center center","background-size":"auto","background-attachment":"scroll","background-type":"","background-media":"","overlay-type":"","overlay-color":"","overlay-opacity":"","overlay-gradient":""}},"footnotes":""},"class_list":["post-581","page","type-page","status-publish","hentry"],"uagb_featured_image_src":{"full":false,"thumbnail":false,"medium":false,"medium_large":false,"large":false,"1536x1536":false,"2048x2048":false},"uagb_author_info":{"display_name":"admin","author_link":"https:\/\/kometen.dk\/?author=1"},"uagb_comment_info":0,"uagb_excerpt":"\u00a0 Sygdom i B\u00f8rnehuset Et barn, der er sygt, skal blive hjemme og m\u00e5 ikke komme i b\u00f8rnehuset. Vi f\u00f8lger [&hellip;]","_links":{"self":[{"href":"https:\/\/kometen.dk\/index.php?rest_route=\/wp\/v2\/pages\/581","targetHints":{"allow":["GET"]}}],"collection":[{"href":"https:\/\/kometen.dk\/index.php?rest_route=\/wp\/v2\/pages"}],"about":[{"href":"https:\/\/kometen.dk\/index.php?rest_route=\/wp\/v2\/types\/page"}],"author":[{"embeddable":true,"href":"https:\/\/kometen.dk\/index.php?rest_route=\/wp\/v2\/users\/1"}],"replies":[{"embeddable":true,"href":"https:\/\/kometen.dk\/index.php?rest_route=%2Fwp%2Fv2%2Fcomments&post=581"}],"version-history":[{"count":4,"href":"https:\/\/kometen.dk\/index.php?rest_route=\/wp\/v2\/pages\/581\/revisions"}],"predecessor-version":[{"id":589,"href":"https:\/\/kometen.dk\/index.php?rest_route=\/wp\/v2\/pages\/581\/revisions\/589"}],"wp:attachment":[{"href":"https:\/\/kometen.dk\/index.php?rest_route=%2Fwp%2Fv2%2Fmedia&parent=581"}],"curies":[{"name":"wp","href":"https:\/\/api.w.org\/{rel}","templated":true}]}}