{"id":591,"date":"2025-07-15T13:30:26","date_gmt":"2025-07-15T13:30:26","guid":{"rendered":"https:\/\/kometen.dk\/?page_id=591"},"modified":"2025-07-15T13:32:00","modified_gmt":"2025-07-15T13:32:00","slug":"legetoejspolitik","status":"publish","type":"page","link":"https:\/\/kometen.dk\/?page_id=591","title":{"rendered":"Leget\u00f8jspolitik"},"content":{"rendered":"\t\t<div data-elementor-type=\"wp-page\" data-elementor-id=\"591\" class=\"elementor elementor-591\">\n\t\t\t\t<div class=\"elementor-element elementor-element-8a4dc63 e-flex e-con-boxed e-con e-parent\" data-id=\"8a4dc63\" data-element_type=\"container\">\n\t\t\t\t\t<div class=\"e-con-inner\">\n\t\t\t\t<div class=\"elementor-element elementor-element-0e39c41 elementor-widget elementor-widget-text-editor\" data-id=\"0e39c41\" data-element_type=\"widget\" data-widget_type=\"text-editor.default\">\n\t\t\t\t<div class=\"elementor-widget-container\">\n\t\t\t\t\t\t\t\t\t<p>\u00a0<\/p><p><strong>Leget\u00f8jspolitik <\/strong><\/p><p>I B\u00f8rnehuset Kometen m\u00e5 b\u00f8rnene som udgangspunkt ikke medbringe leget\u00f8j hjemmefra, medmindre der er tale om en s\u00e6rlig lejlighed, som vil blive meldt ud via Aula.<\/p><p>Det er for\u00e6ldrenes ansvar at sikre, at b\u00f8rnene ikke medbringer leget\u00f8j i hverdagen. Vi er dog bevidste om, at nogle b\u00f8rn har brug for et s\u00e5kaldt &#8220;overgangsobjekt&#8221; for at skabe tryghed i overgangen mellem hjem og institution.<\/p><p>Et overgangsobjekt er typisk en bamse, dukke eller anden genstand, som barnet har knyttet sig s\u00e6rligt til. Det repr\u00e6senterer hjemmet og fungerer som en tr\u00f8ster, n\u00e5r barnet bliver overv\u00e6ldet. Derfor anbefaler vi, at b\u00f8rn i vuggestuen medbringer en tryghedsbamse til brug ved sovetid.<\/p><p>B\u00f8rn i b\u00f8rnehaven, der sover til middag, m\u00e5 ogs\u00e5 medbringe et sovedyr, som opbevares p\u00e5 deres plads, n\u00e5r det ikke er i brug.<\/p><p>Grunden til, at vi \u2013 ud over overgangsobjekter \u2013 har en politik om ikke at medbringe leget\u00f8j hjemmefra, er, at vi ofte oplever, at privat leget\u00f8j skaber konflikter blandt b\u00f8rnene. I b\u00f8rnehaven g\u00e6lder det, at leget\u00f8jet er f\u00e6lles, og derfor har p\u00e6dagogerne bedre foruds\u00e6tninger for at st\u00f8tte b\u00f8rnene i at dele, vente p\u00e5 tur og indg\u00e5 i f\u00e6llesskabet.<\/p><p>N\u00e5r b\u00f8rn medbringer eget leget\u00f8j, kan det v\u00e6re sv\u00e6rt for dem at dele det, fordi det har en s\u00e6rlig betydning. Samtidig kan det opleves uretf\u00e6rdigt for andre b\u00f8rn, som ikke har noget med. Derfor er vores leget\u00f8jspolitik forankret i et lighedsp\u00e6dagogisk princip, hvor vi underst\u00f8tter f\u00e6llesskab, lige vilk\u00e5r og tryghed for alle b\u00f8rn.<\/p>\t\t\t\t\t\t\t\t<\/div>\n\t\t\t\t<\/div>\n\t\t\t\t\t<\/div>\n\t\t\t\t<\/div>\n\t\t\t\t<\/div>\n\t\t","protected":false},"excerpt":{"rendered":"<p>\u00a0 Leget\u00f8jspolitik I B\u00f8rnehuset Kometen m\u00e5 b\u00f8rnene som udgangspunkt ikke medbringe leget\u00f8j hjemmefra, medmindre der er tale om en s\u00e6rlig [&hellip;]<\/p>\n","protected":false},"author":1,"featured_media":0,"parent":0,"menu_order":0,"comment_status":"closed","ping_status":"closed","template":"","meta":{"_uag_custom_page_level_css":"","site-sidebar-layout":"no-sidebar","site-content-layout":"","ast-site-content-layout":"full-width-container","site-content-style":"default","site-sidebar-style":"default","ast-global-header-display":"","ast-banner-title-visibility":"","ast-main-header-display":"","ast-hfb-above-header-display":"","ast-hfb-below-header-display":"","ast-hfb-mobile-header-display":"","site-post-title":"disabled","ast-breadcrumbs-content":"","ast-featured-img":"disabled","footer-sml-layout":"","theme-transparent-header-meta":"","adv-header-id-meta":"","stick-header-meta":"","header-above-stick-meta":"","header-main-stick-meta":"","header-below-stick-meta":"","astra-migrate-meta-layouts":"default","ast-page-background-enabled":"default","ast-page-background-meta":{"desktop":{"background-color":"var(--ast-global-color-4)","background-image":"","background-repeat":"repeat","background-position":"center center","background-size":"auto","background-attachment":"scroll","background-type":"","background-media":"","overlay-type":"","overlay-color":"","overlay-opacity":"","overlay-gradient":""},"tablet":{"background-color":"","background-image":"","background-repeat":"repeat","background-position":"center center","background-size":"auto","background-attachment":"scroll","background-type":"","background-media":"","overlay-type":"","overlay-color":"","overlay-opacity":"","overlay-gradient":""},"mobile":{"background-color":"","background-image":"","background-repeat":"repeat","background-position":"center center","background-size":"auto","background-attachment":"scroll","background-type":"","background-media":"","overlay-type":"","overlay-color":"","overlay-opacity":"","overlay-gradient":""}},"ast-content-background-meta":{"desktop":{"background-color":"var(--ast-global-color-5)","background-image":"","background-repeat":"repeat","background-position":"center center","background-size":"auto","background-attachment":"scroll","background-type":"","background-media":"","overlay-type":"","overlay-color":"","overlay-opacity":"","overlay-gradient":""},"tablet":{"background-color":"var(--ast-global-color-5)","background-image":"","background-repeat":"repeat","background-position":"center center","background-size":"auto","background-attachment":"scroll","background-type":"","background-media":"","overlay-type":"","overlay-color":"","overlay-opacity":"","overlay-gradient":""},"mobile":{"background-color":"var(--ast-global-color-5)","background-image":"","background-repeat":"repeat","background-position":"center center","background-size":"auto","background-attachment":"scroll","background-type":"","background-media":"","overlay-type":"","overlay-color":"","overlay-opacity":"","overlay-gradient":""}},"footnotes":""},"class_list":["post-591","page","type-page","status-publish","hentry"],"uagb_featured_image_src":{"full":false,"thumbnail":false,"medium":false,"medium_large":false,"large":false,"1536x1536":false,"2048x2048":false},"uagb_author_info":{"display_name":"admin","author_link":"https:\/\/kometen.dk\/?author=1"},"uagb_comment_info":0,"uagb_excerpt":"\u00a0 Leget\u00f8jspolitik I B\u00f8rnehuset Kometen m\u00e5 b\u00f8rnene som udgangspunkt ikke medbringe leget\u00f8j hjemmefra, medmindre der er tale om en s\u00e6rlig [&hellip;]","_links":{"self":[{"href":"https:\/\/kometen.dk\/index.php?rest_route=\/wp\/v2\/pages\/591","targetHints":{"allow":["GET"]}}],"collection":[{"href":"https:\/\/kometen.dk\/index.php?rest_route=\/wp\/v2\/pages"}],"about":[{"href":"https:\/\/kometen.dk\/index.php?rest_route=\/wp\/v2\/types\/page"}],"author":[{"embeddable":true,"href":"https:\/\/kometen.dk\/index.php?rest_route=\/wp\/v2\/users\/1"}],"replies":[{"embeddable":true,"href":"https:\/\/kometen.dk\/index.php?rest_route=%2Fwp%2Fv2%2Fcomments&post=591"}],"version-history":[{"count":4,"href":"https:\/\/kometen.dk\/index.php?rest_route=\/wp\/v2\/pages\/591\/revisions"}],"predecessor-version":[{"id":598,"href":"https:\/\/kometen.dk\/index.php?rest_route=\/wp\/v2\/pages\/591\/revisions\/598"}],"wp:attachment":[{"href":"https:\/\/kometen.dk\/index.php?rest_route=%2Fwp%2Fv2%2Fmedia&parent=591"}],"curies":[{"name":"wp","href":"https:\/\/api.w.org\/{rel}","templated":true}]}}